{"id":34540,"date":"2024-10-19T18:32:30","date_gmt":"2024-10-19T16:32:30","guid":{"rendered":"https:\/\/sunturist-wp.bitart.hr\/razvoj-instalacija-i-programiranje-novih-modula\/"},"modified":"2024-10-19T20:40:19","modified_gmt":"2024-10-19T18:40:19","slug":"razvoj-instalacija-i-programiranje-novih-modula","status":"publish","type":"page","link":"https:\/\/sunturist-wp.bitart.hr\/it\/razvoj-instalacija-i-programiranje-novih-modula\/","title":{"rendered":"Razvoj, instalacija i programiranje novih modula softvera specifi\u010dnog za poslovanje turisti\u010dke agencije"},"content":{"rendered":"","protected":false},"excerpt":{"rendered":"","protected":false},"author":1,"featured_media":34524,"parent":0,"menu_order":40,"comment_status":"closed","ping_status":"closed","template":"","meta":{"_acf_changed":false,"slim_seo":{"title":"Razvoj, instalacija i programiranje novih modula softvera specifi\u010dnog za poslovanje turisti\u010dke agencije - Sunturist","description":"Razvoj, instalacija i programiranje novih modula softvera specifi\u010dnog za poslovanje turisti\u010dke agencije Projekt je sufinancirala Europska unija iz Mehanizma za"},"footnotes":""},"class_list":["post-34540","page","type-page","status-publish","has-post-thumbnail","hentry"],"acf":[],"meta_box":{"red_bus_timetable":"","blue_bus_timetable":"","stations_and_lines":""},"_links":{"self":[{"href":"https:\/\/sunturist-wp.bitart.hr\/it\/wp-json\/wp\/v2\/pages\/34540","targetHints":{"allow":["GET"]}}],"collection":[{"href":"https:\/\/sunturist-wp.bitart.hr\/it\/wp-json\/wp\/v2\/pages"}],"about":[{"href":"https:\/\/sunturist-wp.bitart.hr\/it\/wp-json\/wp\/v2\/types\/page"}],"author":[{"embeddable":true,"href":"https:\/\/sunturist-wp.bitart.hr\/it\/wp-json\/wp\/v2\/users\/1"}],"replies":[{"embeddable":true,"href":"https:\/\/sunturist-wp.bitart.hr\/it\/wp-json\/wp\/v2\/comments?post=34540"}],"version-history":[{"count":0,"href":"https:\/\/sunturist-wp.bitart.hr\/it\/wp-json\/wp\/v2\/pages\/34540\/revisions"}],"wp:featuredmedia":[{"embeddable":true,"href":"https:\/\/sunturist-wp.bitart.hr\/it\/wp-json\/wp\/v2\/media\/34524"}],"wp:attachment":[{"href":"https:\/\/sunturist-wp.bitart.hr\/it\/wp-json\/wp\/v2\/media?parent=34540"}],"curies":[{"name":"wp","href":"https:\/\/api.w.org\/{rel}","templated":true}]}}