{"id":34534,"date":"2024-10-19T18:13:51","date_gmt":"2024-10-19T16:13:51","guid":{"rendered":"https:\/\/sunturist-wp.bitart.hr\/jacanje-medunarodne-konkurentnosti\/"},"modified":"2024-10-19T20:39:16","modified_gmt":"2024-10-19T18:39:16","slug":"jacanje-medunarodne-konkurentnosti","status":"publish","type":"page","link":"https:\/\/sunturist-wp.bitart.hr\/it\/jacanje-medunarodne-konkurentnosti\/","title":{"rendered":"Ja\u010danje me\u0111unarodne konkurentnosti dru\u0161tva pove\u0107anjem poslovne suradnje s inozemnim partnerima"},"content":{"rendered":"","protected":false},"excerpt":{"rendered":"","protected":false},"author":1,"featured_media":34524,"parent":0,"menu_order":35,"comment_status":"closed","ping_status":"closed","template":"","meta":{"_acf_changed":false,"slim_seo":{"title":"Ja\u010danje me\u0111unarodne konkurentnosti dru\u0161tva pove\u0107anjem poslovne suradnje s inozemnim partnerima - Sunturist","description":"Ja\u010danje me\u0111unarodne konkurentnosti dru\u0161tva pove\u0107anjem poslovne suradnje s inozemnim partnerima Kratki opis projekta \u00a0&#8211; Dana 09.07.2019., poduze\u0107e SUNTURIS"},"footnotes":""},"class_list":["post-34534","page","type-page","status-publish","has-post-thumbnail","hentry"],"acf":[],"meta_box":{"red_bus_timetable":"","blue_bus_timetable":"","stations_and_lines":""},"_links":{"self":[{"href":"https:\/\/sunturist-wp.bitart.hr\/it\/wp-json\/wp\/v2\/pages\/34534","targetHints":{"allow":["GET"]}}],"collection":[{"href":"https:\/\/sunturist-wp.bitart.hr\/it\/wp-json\/wp\/v2\/pages"}],"about":[{"href":"https:\/\/sunturist-wp.bitart.hr\/it\/wp-json\/wp\/v2\/types\/page"}],"author":[{"embeddable":true,"href":"https:\/\/sunturist-wp.bitart.hr\/it\/wp-json\/wp\/v2\/users\/1"}],"replies":[{"embeddable":true,"href":"https:\/\/sunturist-wp.bitart.hr\/it\/wp-json\/wp\/v2\/comments?post=34534"}],"version-history":[{"count":0,"href":"https:\/\/sunturist-wp.bitart.hr\/it\/wp-json\/wp\/v2\/pages\/34534\/revisions"}],"wp:featuredmedia":[{"embeddable":true,"href":"https:\/\/sunturist-wp.bitart.hr\/it\/wp-json\/wp\/v2\/media\/34524"}],"wp:attachment":[{"href":"https:\/\/sunturist-wp.bitart.hr\/it\/wp-json\/wp\/v2\/media?parent=34534"}],"curies":[{"name":"wp","href":"https:\/\/api.w.org\/{rel}","templated":true}]}}