{"id":22707,"date":"2022-04-23T14:20:03","date_gmt":"2022-04-23T12:20:03","guid":{"rendered":"https:\/\/sunturist-wp.bitart.hr\/general-information\/"},"modified":"2024-08-02T19:42:08","modified_gmt":"2024-08-02T17:42:08","slug":"general-information","status":"publish","type":"page","link":"https:\/\/sunturist-wp.bitart.hr\/it\/general-information\/","title":{"rendered":"General information"},"content":{"rendered":"","protected":false},"excerpt":{"rendered":"","protected":false},"author":1,"featured_media":3540,"parent":0,"menu_order":51,"comment_status":"closed","ping_status":"closed","template":"","meta":{"_acf_changed":false,"slim_seo":{"title":"General information - Sunturist","description":"General information Sunturist d.o.o. za turizam, ugostiteljstvo, uvoz-izvoz i trgovinu, turisti\u010dka agencija S. S. Kranj\u010devi\u0107a 1 53291 Novalja Radno vrijeme s ko"},"footnotes":""},"class_list":["post-22707","page","type-page","status-publish","has-post-thumbnail","hentry"],"acf":[],"meta_box":{"red_bus_timetable":"","blue_bus_timetable":"","stations_and_lines":""},"_links":{"self":[{"href":"https:\/\/sunturist-wp.bitart.hr\/it\/wp-json\/wp\/v2\/pages\/22707","targetHints":{"allow":["GET"]}}],"collection":[{"href":"https:\/\/sunturist-wp.bitart.hr\/it\/wp-json\/wp\/v2\/pages"}],"about":[{"href":"https:\/\/sunturist-wp.bitart.hr\/it\/wp-json\/wp\/v2\/types\/page"}],"author":[{"embeddable":true,"href":"https:\/\/sunturist-wp.bitart.hr\/it\/wp-json\/wp\/v2\/users\/1"}],"replies":[{"embeddable":true,"href":"https:\/\/sunturist-wp.bitart.hr\/it\/wp-json\/wp\/v2\/comments?post=22707"}],"version-history":[{"count":0,"href":"https:\/\/sunturist-wp.bitart.hr\/it\/wp-json\/wp\/v2\/pages\/22707\/revisions"}],"wp:featuredmedia":[{"embeddable":true,"href":"https:\/\/sunturist-wp.bitart.hr\/it\/wp-json\/wp\/v2\/media\/3540"}],"wp:attachment":[{"href":"https:\/\/sunturist-wp.bitart.hr\/it\/wp-json\/wp\/v2\/media?parent=22707"}],"curies":[{"name":"wp","href":"https:\/\/api.w.org\/{rel}","templated":true}]}}