{"id":5268,"date":"2022-11-22T16:03:43","date_gmt":"2022-11-22T15:03:43","guid":{"rendered":"https:\/\/www.sinjoris.com\/tailor-made\/"},"modified":"2024-04-30T10:41:32","modified_gmt":"2024-04-30T08:41:32","slug":"paketi-po-mjeri","status":"publish","type":"page","link":"https:\/\/sunturist-wp.bitart.hr\/hr\/paketi-po-mjeri\/","title":{"rendered":"Paketi po mjeri"},"content":{"rendered":"","protected":false},"excerpt":{"rendered":"<p>Ako vi\u0161e volite putovanja kreirana po Va\u0161oj mjeri, bili bismo sretni organizirati ih za Vas! S vi\u0161e od 30 godina iskustva u kreiranju izleta, doga\u0111aja i smje\u0161taja, uvjereni smo da \u0107emo osmisliti savr\u0161en paket za Vas. Kao destinacijska menad\u017ement kompanija, imamo bogato znanje o tome gdje odsjesti, \u0161to vidjeti i okusiti i koja iskustva pro\u017eivjeti. Poklonite nam svoje povjerenje i uvjerite se u na\u0161e sposobnosti i pru\u017eite nam priliku da Vam preporu\u010dimo ono najbolje!<\/p>\n","protected":false},"author":1,"featured_media":7685,"parent":0,"menu_order":94,"comment_status":"closed","ping_status":"closed","template":"","meta":{"_acf_changed":false,"slim_seo":{"title":"Paketi po mjeri - Sunturist","description":"Ako vi\u0161e volite putovanja kreirana po Va\u0161oj mjeri, bili bismo sretni organizirati ih za Vas! S vi\u0161e od 30 godina iskustva u kreiranju izleta, doga\u0111aja i smje\u0161ta"},"footnotes":""},"class_list":["post-5268","page","type-page","status-publish","has-post-thumbnail","hentry"],"acf":[],"meta_box":{"red_bus_timetable":"","blue_bus_timetable":"","stations_and_lines":""},"_links":{"self":[{"href":"https:\/\/sunturist-wp.bitart.hr\/hr\/wp-json\/wp\/v2\/pages\/5268","targetHints":{"allow":["GET"]}}],"collection":[{"href":"https:\/\/sunturist-wp.bitart.hr\/hr\/wp-json\/wp\/v2\/pages"}],"about":[{"href":"https:\/\/sunturist-wp.bitart.hr\/hr\/wp-json\/wp\/v2\/types\/page"}],"author":[{"embeddable":true,"href":"https:\/\/sunturist-wp.bitart.hr\/hr\/wp-json\/wp\/v2\/users\/1"}],"replies":[{"embeddable":true,"href":"https:\/\/sunturist-wp.bitart.hr\/hr\/wp-json\/wp\/v2\/comments?post=5268"}],"version-history":[{"count":0,"href":"https:\/\/sunturist-wp.bitart.hr\/hr\/wp-json\/wp\/v2\/pages\/5268\/revisions"}],"wp:featuredmedia":[{"embeddable":true,"href":"https:\/\/sunturist-wp.bitart.hr\/hr\/wp-json\/wp\/v2\/media\/7685"}],"wp:attachment":[{"href":"https:\/\/sunturist-wp.bitart.hr\/hr\/wp-json\/wp\/v2\/media?parent=5268"}],"curies":[{"name":"wp","href":"https:\/\/api.w.org\/{rel}","templated":true}]}}