{"id":4476,"date":"2022-04-23T10:31:47","date_gmt":"2022-04-23T08:31:47","guid":{"rendered":"https:\/\/www.sinjoris.com\/about\/"},"modified":"2024-04-30T11:09:54","modified_gmt":"2024-04-30T09:09:54","slug":"about","status":"publish","type":"page","link":"https:\/\/sunturist-wp.bitart.hr\/hr\/about\/","title":{"rendered":"O nama"},"content":{"rendered":"","protected":false},"excerpt":{"rendered":"<p>Poklonite nam svoje povjerenje i u\u017eivajte u do\u017eivljajima koje organizira i o kojima svakodnevno brine tim stru\u010dnih djelatnika. Bogato iskustvo omogu\u0107uje nam da Va\u0161 odmor na otoku Pagu organiziramo na na\u010din koji \u0107e Vam dugo ostati u ugodnom sje\u0107anju.<\/p>\n","protected":false},"author":1,"featured_media":7699,"parent":0,"menu_order":3,"comment_status":"closed","ping_status":"closed","template":"","meta":{"_acf_changed":false,"slim_seo":{"title":"O nama - Sunturist","description":"Poklonite nam svoje povjerenje i u\u017eivajte u do\u017eivljajima koje organizira i o kojima svakodnevno brine tim stru\u010dnih djelatnika. Bogato iskustvo omogu\u0107uje nam da"},"footnotes":""},"class_list":["post-4476","page","type-page","status-publish","has-post-thumbnail","hentry"],"acf":[],"meta_box":{"red_bus_timetable":"","blue_bus_timetable":"","stations_and_lines":""},"_links":{"self":[{"href":"https:\/\/sunturist-wp.bitart.hr\/hr\/wp-json\/wp\/v2\/pages\/4476","targetHints":{"allow":["GET"]}}],"collection":[{"href":"https:\/\/sunturist-wp.bitart.hr\/hr\/wp-json\/wp\/v2\/pages"}],"about":[{"href":"https:\/\/sunturist-wp.bitart.hr\/hr\/wp-json\/wp\/v2\/types\/page"}],"author":[{"embeddable":true,"href":"https:\/\/sunturist-wp.bitart.hr\/hr\/wp-json\/wp\/v2\/users\/1"}],"replies":[{"embeddable":true,"href":"https:\/\/sunturist-wp.bitart.hr\/hr\/wp-json\/wp\/v2\/comments?post=4476"}],"version-history":[{"count":0,"href":"https:\/\/sunturist-wp.bitart.hr\/hr\/wp-json\/wp\/v2\/pages\/4476\/revisions"}],"wp:featuredmedia":[{"embeddable":true,"href":"https:\/\/sunturist-wp.bitart.hr\/hr\/wp-json\/wp\/v2\/media\/7699"}],"wp:attachment":[{"href":"https:\/\/sunturist-wp.bitart.hr\/hr\/wp-json\/wp\/v2\/media?parent=4476"}],"curies":[{"name":"wp","href":"https:\/\/api.w.org\/{rel}","templated":true}]}}