{"id":3676,"date":"2022-04-23T17:13:28","date_gmt":"2022-04-23T15:13:28","guid":{"rendered":"https:\/\/www.sinjoris.com\/home-page\/"},"modified":"2025-12-11T14:06:10","modified_gmt":"2025-12-11T13:06:10","slug":"home-page","status":"publish","type":"page","link":"https:\/\/sunturist-wp.bitart.hr\/hr\/","title":{"rendered":"Po\u010detna stranica"},"content":{"rendered":"","protected":false},"excerpt":{"rendered":"","protected":false},"author":1,"featured_media":0,"parent":0,"menu_order":60,"comment_status":"closed","ping_status":"closed","template":"","meta":{"_acf_changed":false,"slim_seo":{"title":"Sunturist - A way to find a perfect Croatian holiday","description":"40 godina iskustva S vi\u0161e od 40 godina iskustva kao tvrtka za upravljanje destinacijom, na\u0161 tim mo\u017ee kreirati itinerar koji savr\u0161eno odgovara va\u0161im interesima i"},"footnotes":""},"class_list":["post-3676","page","type-page","status-publish","hentry"],"acf":[],"meta_box":{"red_bus_timetable":"","blue_bus_timetable":"","stations_and_lines":""},"_links":{"self":[{"href":"https:\/\/sunturist-wp.bitart.hr\/hr\/wp-json\/wp\/v2\/pages\/3676","targetHints":{"allow":["GET"]}}],"collection":[{"href":"https:\/\/sunturist-wp.bitart.hr\/hr\/wp-json\/wp\/v2\/pages"}],"about":[{"href":"https:\/\/sunturist-wp.bitart.hr\/hr\/wp-json\/wp\/v2\/types\/page"}],"author":[{"embeddable":true,"href":"https:\/\/sunturist-wp.bitart.hr\/hr\/wp-json\/wp\/v2\/users\/1"}],"replies":[{"embeddable":true,"href":"https:\/\/sunturist-wp.bitart.hr\/hr\/wp-json\/wp\/v2\/comments?post=3676"}],"version-history":[{"count":0,"href":"https:\/\/sunturist-wp.bitart.hr\/hr\/wp-json\/wp\/v2\/pages\/3676\/revisions"}],"wp:attachment":[{"href":"https:\/\/sunturist-wp.bitart.hr\/hr\/wp-json\/wp\/v2\/media?parent=3676"}],"curies":[{"name":"wp","href":"https:\/\/api.w.org\/{rel}","templated":true}]}}