{"id":22953,"date":"2022-05-16T19:00:55","date_gmt":"2022-05-16T17:00:55","guid":{"rendered":"https:\/\/sunturist-wp.bitart.hr\/transfers-2\/"},"modified":"2025-07-22T14:47:35","modified_gmt":"2025-07-22T12:47:35","slug":"transfers","status":"publish","type":"page","link":"https:\/\/sunturist-wp.bitart.hr\/hr\/transfers\/","title":{"rendered":"Transferi"},"content":{"rendered":"","protected":false},"excerpt":{"rendered":"<p>Za sve goste Sunturista nudimo uslugu turisti\u010dkog prijevoza do pla\u017ee Zr\u0107e. Bilo da se odlu\u010dite opustiti na pla\u017ei ili oti\u0107i na festivalska doga\u0111anja, u\u017eivajte u ugodnoj i sigurnoj vo\u017enji do Zr\u0107a.<\/p>\n","protected":false},"author":1,"featured_media":4580,"parent":0,"menu_order":114,"comment_status":"closed","ping_status":"closed","template":"","meta":{"_acf_changed":false,"slim_seo":{"title":"Transferi - Sunturist","description":"Za sve goste Sunturista nudimo uslugu turisti\u010dkog prijevoza do pla\u017ee Zr\u0107e. Bilo da se odlu\u010dite opustiti na pla\u017ei ili oti\u0107i na festivalska doga\u0111anja, u\u017eivajte u"},"footnotes":""},"class_list":["post-22953","page","type-page","status-publish","has-post-thumbnail","hentry"],"acf":[],"meta_box":{"red_bus_timetable":"<table style=\"border-collapse: collapse;width: 97.6266%;height: 331px\">\n<tbody>\n<tr style=\"height: 24px\">\n<th style=\"width: 3.08707%;text-align: center;height: 19px\">NOVALJA CENTER<\/th>\n<th style=\"width: 2.60736%;text-align: center\">HOSTEL ZR\u0106E<\/th>\n<th style=\"width: 2.78466%;text-align: center\">NOA ZR\u0106E<\/th>\n<th style=\"width: 2.83688%;text-align: center;height: 19px\">HOSTEL ZR\u0106E<\/th>\n<\/tr>\n<tr style=\"height: 25px\">\n<td style=\"width: 3.08707%;text-align: center;height: 25px\">14:00<\/td>\n<td style=\"width: 2.60736%;text-align: center;height: 25px\">14:05<\/td>\n<td style=\"width: 2.78466%;text-align: center;height: 25px\">14:15<\/td>\n<td style=\"width: 2.83688%;text-align: center;height: 25px\">14:20<\/td>\n<\/tr>\n<tr style=\"height: 24px\">\n<td style=\"width: 3.08707%;text-align: center;height: 24px\">15:00<\/td>\n<td style=\"width: 2.60736%;text-align: center;height: 24px\">15:05<\/td>\n<td style=\"width: 2.78466%;text-align: center;height: 24px\">15:15<\/td>\n<td style=\"width: 2.83688%;text-align: center;height: 24px\">15:20<\/td>\n<\/tr>\n<tr style=\"height: 24px\">\n<td style=\"width: 3.08707%;text-align: center;height: 24px\">16:00<\/td>\n<td style=\"width: 2.60736%;text-align: center;height: 24px\">16:05<\/td>\n<td style=\"width: 2.78466%;text-align: center;height: 24px\">16:15<\/td>\n<td style=\"width: 2.83688%;text-align: center;height: 24px\">16:20<\/td>\n<\/tr>\n<tr style=\"height: 24px\">\n<td style=\"width: 3.08707%;text-align: center;height: 24px\">17:00<\/td>\n<td style=\"width: 2.60736%;text-align: center;height: 24px\">17:05<\/td>\n<td style=\"width: 2.78466%;text-align: center;height: 24px\">17:15<\/td>\n<td style=\"width: 2.83688%;text-align: center;height: 24px\">17:20<\/td>\n<\/tr>\n<tr style=\"height: 24px\">\n<td style=\"width: 3.08707%;text-align: center;height: 24px\">18:00<\/td>\n<td style=\"width: 2.60736%;text-align: center;height: 24px\">18:05<\/td>\n<td style=\"width: 2.78466%;text-align: center;height: 24px\">18:15<\/td>\n<td style=\"width: 2.83688%;text-align: center;height: 24px\">18:20<\/td>\n<\/tr>\n<tr style=\"height: 24px\">\n<td style=\"width: 3.08707%;text-align: center;height: 24px\">19:00<\/td>\n<td style=\"width: 2.60736%;text-align: center;height: 24px\">19:05<\/td>\n<td style=\"width: 2.78466%;text-align: center;height: 24px\">19:15<\/td>\n<td style=\"width: 2.83688%;text-align: center;height: 24px\">19:20<\/td>\n<\/tr>\n<tr style=\"height: 24px\">\n<td style=\"width: 3.08707%;text-align: center;height: 24px\">-<\/td>\n<td style=\"width: 2.60736%;text-align: center;height: 24px\">-<\/td>\n<td style=\"width: 2.78466%;text-align: center;height: 24px\">-<\/td>\n<td style=\"width: 2.83688%;text-align: center;height: 24px\">-<\/td>\n<\/tr>\n<tr style=\"height: 24px\">\n<td style=\"width: 3.08707%;text-align: center;height: 24px\">22:00<\/td>\n<td style=\"width: 2.60736%;text-align: center;height: 24px\">22:05<\/td>\n<td style=\"width: 2.78466%;text-align: center;height: 24px\">22:15<\/td>\n<td style=\"width: 2.83688%;text-align: center;height: 24px\">22:20<\/td>\n<\/tr>\n<tr style=\"height: 24px\">\n<td style=\"width: 3.08707%;text-align: center;height: 24px\">22:30<\/td>\n<td style=\"width: 2.60736%;text-align: center;height: 24px\">22:35<\/td>\n<td style=\"width: 2.78466%;text-align: center;height: 24px\">22:45<\/td>\n<td style=\"width: 2.83688%;text-align: center;height: 24px\">22:50<\/td>\n<\/tr>\n<tr style=\"height: 24px\">\n<td style=\"width: 3.08707%;text-align: center;height: 24px\">23:00<\/td>\n<td style=\"width: 2.60736%;text-align: center;height: 24px\">23:05<\/td>\n<td style=\"width: 2.78466%;text-align: center;height: 24px\">23:15<\/td>\n<td style=\"width: 2.83688%;text-align: center;height: 24px\">23:20<\/td>\n<\/tr>\n<tr style=\"height: 24px\">\n<td style=\"width: 3.08707%;text-align: center;height: 24px\">23:30<\/td>\n<td style=\"width: 2.60736%;text-align: center;height: 24px\">23:35<\/td>\n<td style=\"width: 2.78466%;text-align: center;height: 24px\">23:45<\/td>\n<td style=\"width: 2.83688%;text-align: center;height: 24px\">23:50<\/td>\n<\/tr>\n<tr style=\"height: 24px\">\n<td style=\"width: 3.08707%;text-align: center;height: 24px\">0:00<\/td>\n<td style=\"width: 2.60736%;text-align: center;height: 24px\">0:05<\/td>\n<td style=\"width: 2.78466%;text-align: center;height: 24px\">0:15<\/td>\n<td style=\"width: 2.83688%;text-align: center;height: 24px\">0:20<\/td>\n<\/tr>\n<tr>\n<td style=\"width: 3.08707%;text-align: center\">1:00<\/td>\n<td style=\"width: 2.60736%;text-align: center\">1:05<\/td>\n<td style=\"width: 2.78466%;text-align: center\">1:15<\/td>\n<td style=\"width: 2.83688%;text-align: center\">1:20<\/td>\n<\/tr>\n<tr>\n<td style=\"width: 3.08707%;text-align: center\">2:00<\/td>\n<td style=\"width: 2.60736%;text-align: center\">2:05<\/td>\n<td style=\"width: 2.78466%;text-align: center\">2:15<\/td>\n<td style=\"width: 2.83688%;text-align: center\">2:20<\/td>\n<\/tr>\n<tr>\n<td style=\"width: 3.08707%;text-align: center\"><\/td>\n<td style=\"width: 2.60736%;text-align: center\">-<\/td>\n<td style=\"width: 2.78466%;text-align: center\">3:15<\/td>\n<td style=\"width: 2.83688%;text-align: center\">3:20<\/td>\n<\/tr>\n<tr>\n<td style=\"width: 3.08707%;text-align: center\"><\/td>\n<td style=\"width: 2.60736%;text-align: center\">-<\/td>\n<td style=\"width: 2.78466%;text-align: center\">4:15<\/td>\n<td style=\"width: 2.83688%;text-align: center\">4:20<\/td>\n<\/tr>\n<\/tbody>\n<\/table>\n","blue_bus_timetable":"","stations_and_lines":"<iframe src=\"https:\/\/www.google.com\/maps\/d\/u\/1\/embed?mid=1O-aSHmtZE3qeENbQiCs69Hgwi0gGLAI&ehbc=2E312F\" width=\"640\" height=\"480\"><\/iframe>"},"_links":{"self":[{"href":"https:\/\/sunturist-wp.bitart.hr\/hr\/wp-json\/wp\/v2\/pages\/22953","targetHints":{"allow":["GET"]}}],"collection":[{"href":"https:\/\/sunturist-wp.bitart.hr\/hr\/wp-json\/wp\/v2\/pages"}],"about":[{"href":"https:\/\/sunturist-wp.bitart.hr\/hr\/wp-json\/wp\/v2\/types\/page"}],"author":[{"embeddable":true,"href":"https:\/\/sunturist-wp.bitart.hr\/hr\/wp-json\/wp\/v2\/users\/1"}],"replies":[{"embeddable":true,"href":"https:\/\/sunturist-wp.bitart.hr\/hr\/wp-json\/wp\/v2\/comments?post=22953"}],"version-history":[{"count":0,"href":"https:\/\/sunturist-wp.bitart.hr\/hr\/wp-json\/wp\/v2\/pages\/22953\/revisions"}],"wp:featuredmedia":[{"embeddable":true,"href":"https:\/\/sunturist-wp.bitart.hr\/hr\/wp-json\/wp\/v2\/media\/4580"}],"wp:attachment":[{"href":"https:\/\/sunturist-wp.bitart.hr\/hr\/wp-json\/wp\/v2\/media?parent=22953"}],"curies":[{"name":"wp","href":"https:\/\/api.w.org\/{rel}","templated":true}]}}