{"id":5269,"date":"2022-11-22T16:03:43","date_gmt":"2022-11-22T15:03:43","guid":{"rendered":"https:\/\/www.sinjoris.com\/tailor-made\/"},"modified":"2024-04-30T10:44:18","modified_gmt":"2024-04-30T08:44:18","slug":"massgeschneidert","status":"publish","type":"page","link":"https:\/\/sunturist-wp.bitart.hr\/de\/massgeschneidert\/","title":{"rendered":"Ma\u00dfgeschneidert"},"content":{"rendered":"","protected":false},"excerpt":{"rendered":"<p>Wenn Sie eher Reisen nach eigenem Ma\u00df bevorzugen, w\u00fcrden wir uns freuen, diese f\u00fcr Sie zu organisieren! Mit mehr als 30 Jahren Erfahrung in der Gestaltung von Ausfl\u00fcgen, Veranstaltungen und Unterk\u00fcnften sind wir davon \u00fcberzeugt, das perfekte Paket f\u00fcr Sie schneidern zu k\u00f6nnen. Als ein Unternehmen f\u00fcr Reisezielmanagement verf\u00fcgen wir \u00fcber wertvolle Kenntnisse dar\u00fcber, wo man eine Unterkunft buchen sollte, was zu besichtigen und zu kosten ist und welche Erfahrungen zu erleben sind. Schenken Sie uns Ihr Vertrauen, \u00fcberzeugen Sie sich von unserer Kompetenz und geben Sie uns die Gelegenheit, Ihnen nur das Beste zu empfehlen!<\/p>\n","protected":false},"author":1,"featured_media":7687,"parent":0,"menu_order":97,"comment_status":"closed","ping_status":"closed","template":"","meta":{"_acf_changed":false,"slim_seo":{"title":"Ma\u00dfgeschneidert - Sunturist","description":"Wenn Sie eher Reisen nach eigenem Ma\u00df bevorzugen, w\u00fcrden wir uns freuen, diese f\u00fcr Sie zu organisieren! Mit mehr als 30 Jahren Erfahrung in der Gestaltung von A"},"footnotes":""},"class_list":["post-5269","page","type-page","status-publish","has-post-thumbnail","hentry"],"acf":[],"meta_box":{"red_bus_timetable":"","blue_bus_timetable":"","stations_and_lines":""},"_links":{"self":[{"href":"https:\/\/sunturist-wp.bitart.hr\/de\/wp-json\/wp\/v2\/pages\/5269","targetHints":{"allow":["GET"]}}],"collection":[{"href":"https:\/\/sunturist-wp.bitart.hr\/de\/wp-json\/wp\/v2\/pages"}],"about":[{"href":"https:\/\/sunturist-wp.bitart.hr\/de\/wp-json\/wp\/v2\/types\/page"}],"author":[{"embeddable":true,"href":"https:\/\/sunturist-wp.bitart.hr\/de\/wp-json\/wp\/v2\/users\/1"}],"replies":[{"embeddable":true,"href":"https:\/\/sunturist-wp.bitart.hr\/de\/wp-json\/wp\/v2\/comments?post=5269"}],"version-history":[{"count":0,"href":"https:\/\/sunturist-wp.bitart.hr\/de\/wp-json\/wp\/v2\/pages\/5269\/revisions"}],"wp:featuredmedia":[{"embeddable":true,"href":"https:\/\/sunturist-wp.bitart.hr\/de\/wp-json\/wp\/v2\/media\/7687"}],"wp:attachment":[{"href":"https:\/\/sunturist-wp.bitart.hr\/de\/wp-json\/wp\/v2\/media?parent=5269"}],"curies":[{"name":"wp","href":"https:\/\/api.w.org\/{rel}","templated":true}]}}