{"id":4569,"date":"2022-05-16T12:15:16","date_gmt":"2022-05-16T10:15:16","guid":{"rendered":"https:\/\/www.sinjoris.com\/rent\/"},"modified":"2024-08-11T09:02:47","modified_gmt":"2024-08-11T07:02:47","slug":"rent","status":"publish","type":"page","link":"https:\/\/sunturist-wp.bitart.hr\/de\/rent\/","title":{"rendered":"Mietung"},"content":{"rendered":"<p>Bitte f\u00fcllen Sie f\u00fcr Ihre Fahrrad, Auto oder Quadmiete das Anfrageformular aus. Wir werden Ihnen schnellst m\u00f6glich ein passendes Angebot zukommen lassen.<\/p>\n","protected":false},"excerpt":{"rendered":"<p>Bitte f\u00fcllen Sie f\u00fcr Ihre Fahrrad, Auto oder Quadmiete das Anfrageformular aus. Wir werden Ihnen schnellst m\u00f6glich ein passendes Angebot zukommen lassen.<\/p>\n","protected":false},"author":1,"featured_media":4570,"parent":0,"menu_order":81,"comment_status":"closed","ping_status":"closed","template":"","meta":{"_acf_changed":false,"slim_seo":{"title":"Mietung - Sunturist","description":"Mietung Bitte f\u00fcllen Sie f\u00fcr Ihre Fahrrad, Auto oder Quadmiete das Anfrageformular aus. Wir werden Ihnen schnellst m\u00f6glich ein passendes Angebot zukommen lassen"},"footnotes":""},"class_list":["post-4569","page","type-page","status-publish","has-post-thumbnail","hentry"],"acf":[],"meta_box":{"red_bus_timetable":"","blue_bus_timetable":"","stations_and_lines":""},"_links":{"self":[{"href":"https:\/\/sunturist-wp.bitart.hr\/de\/wp-json\/wp\/v2\/pages\/4569","targetHints":{"allow":["GET"]}}],"collection":[{"href":"https:\/\/sunturist-wp.bitart.hr\/de\/wp-json\/wp\/v2\/pages"}],"about":[{"href":"https:\/\/sunturist-wp.bitart.hr\/de\/wp-json\/wp\/v2\/types\/page"}],"author":[{"embeddable":true,"href":"https:\/\/sunturist-wp.bitart.hr\/de\/wp-json\/wp\/v2\/users\/1"}],"replies":[{"embeddable":true,"href":"https:\/\/sunturist-wp.bitart.hr\/de\/wp-json\/wp\/v2\/comments?post=4569"}],"version-history":[{"count":0,"href":"https:\/\/sunturist-wp.bitart.hr\/de\/wp-json\/wp\/v2\/pages\/4569\/revisions"}],"wp:featuredmedia":[{"embeddable":true,"href":"https:\/\/sunturist-wp.bitart.hr\/de\/wp-json\/wp\/v2\/media\/4570"}],"wp:attachment":[{"href":"https:\/\/sunturist-wp.bitart.hr\/de\/wp-json\/wp\/v2\/media?parent=4569"}],"curies":[{"name":"wp","href":"https:\/\/api.w.org\/{rel}","templated":true}]}}