{"id":22785,"date":"2023-07-06T18:29:43","date_gmt":"2023-07-06T16:29:43","guid":{"rendered":"https:\/\/sunturist-wp.bitart.hr\/eu-projekt\/"},"modified":"2024-10-19T20:37:28","modified_gmt":"2024-10-19T18:37:28","slug":"eu-projekt","status":"publish","type":"page","link":"https:\/\/sunturist-wp.bitart.hr\/de\/eu-projekti\/","title":{"rendered":"EU projekti"},"content":{"rendered":"","protected":false},"excerpt":{"rendered":"","protected":false},"author":1,"featured_media":34523,"parent":0,"menu_order":50,"comment_status":"closed","ping_status":"closed","template":"","meta":{"_acf_changed":false,"slim_seo":{"title":"EU projekti - Sunturist","description":"EU projekti Ja\u010danje me\u0111unarodne konkurentnosti dru\u0161tva pove\u0107anjem poslovne suradnje s inozemnim partnerima Dana 09.07.2019., poduze\u0107e SUNTURIST d.o.o. potpisalo"},"footnotes":""},"class_list":["post-22785","page","type-page","status-publish","has-post-thumbnail","hentry"],"acf":[],"meta_box":{"red_bus_timetable":"","blue_bus_timetable":"","stations_and_lines":""},"_links":{"self":[{"href":"https:\/\/sunturist-wp.bitart.hr\/de\/wp-json\/wp\/v2\/pages\/22785","targetHints":{"allow":["GET"]}}],"collection":[{"href":"https:\/\/sunturist-wp.bitart.hr\/de\/wp-json\/wp\/v2\/pages"}],"about":[{"href":"https:\/\/sunturist-wp.bitart.hr\/de\/wp-json\/wp\/v2\/types\/page"}],"author":[{"embeddable":true,"href":"https:\/\/sunturist-wp.bitart.hr\/de\/wp-json\/wp\/v2\/users\/1"}],"replies":[{"embeddable":true,"href":"https:\/\/sunturist-wp.bitart.hr\/de\/wp-json\/wp\/v2\/comments?post=22785"}],"version-history":[{"count":0,"href":"https:\/\/sunturist-wp.bitart.hr\/de\/wp-json\/wp\/v2\/pages\/22785\/revisions"}],"wp:featuredmedia":[{"embeddable":true,"href":"https:\/\/sunturist-wp.bitart.hr\/de\/wp-json\/wp\/v2\/media\/34523"}],"wp:attachment":[{"href":"https:\/\/sunturist-wp.bitart.hr\/de\/wp-json\/wp\/v2\/media?parent=22785"}],"curies":[{"name":"wp","href":"https:\/\/api.w.org\/{rel}","templated":true}]}}